{"id":84,"date":"2024-11-11T21:37:07","date_gmt":"2024-11-11T21:37:07","guid":{"rendered":"https:\/\/miedzykulturowo.pl\/?page_id=84"},"modified":"2024-12-15T11:12:22","modified_gmt":"2024-12-15T11:12:22","slug":"projekty","status":"publish","type":"page","link":"https:\/\/miedzykulturowo.pl\/en\/projekty\/","title":{"rendered":"Projects"},"content":{"rendered":"<div class=\"is-style-boxed wp-block-themeisle-blocks-posts-grid\" id=\"wp-block-themeisle-blocks-posts-grid-639d1624\"><div class=\"is-grid o-posts-grid-columns-3\"><div class=\"o-posts-grid-post-blog o-posts-grid-post-plain\"><div class=\"o-posts-grid-post\"><div class=\"o-posts-grid-post-image\"><a href=\"https:\/\/miedzykulturowo.pl\/en\/2025\/02\/23\/poznaj-swoj-zawod\/\"><img loading=\"lazy\" decoding=\"async\" width=\"750\" height=\"563\" src=\"https:\/\/miedzykulturowo.pl\/wp-content\/uploads\/2025\/02\/IMG20241214110548-1024x768.jpg\" class=\"attachment-large size-large\" alt=\"Poznaj sw\u00f3j zaw\u00f3d\" srcset=\"https:\/\/miedzykulturowo.pl\/wp-content\/uploads\/2025\/02\/IMG20241214110548-1024x768.jpg 1024w, https:\/\/miedzykulturowo.pl\/wp-content\/uploads\/2025\/02\/IMG20241214110548-300x225.jpg 300w, https:\/\/miedzykulturowo.pl\/wp-content\/uploads\/2025\/02\/IMG20241214110548-768x576.jpg 768w, https:\/\/miedzykulturowo.pl\/wp-content\/uploads\/2025\/02\/IMG20241214110548-1536x1152.jpg 1536w, https:\/\/miedzykulturowo.pl\/wp-content\/uploads\/2025\/02\/IMG20241214110548-2048x1536.jpg 2048w, https:\/\/miedzykulturowo.pl\/wp-content\/uploads\/2025\/02\/IMG20241214110548-16x12.jpg 16w\" sizes=\"(max-width: 750px) 100vw, 750px\" \/><\/a><\/div><div class=\"o-posts-grid-post-body\"><h2 class=\"o-posts-grid-post-title\"><a href=\"https:\/\/miedzykulturowo.pl\/en\/2025\/02\/23\/poznaj-swoj-zawod\/\">Poznaj sw\u00f3j zaw\u00f3d<\/a><\/h2><div class=\"o-posts-grid-post-description\"><p>W 2024 roku fundacja rozpocz\u0119\u0142a cykl spotka\u0144 z inspiruj\u0105cymi lud\u017ami, kt\u00f3rzy dziel\u0105 si\u0119 swoim do\u015bwiad\u2026<\/p><\/div><\/div><\/div><\/div><div class=\"o-posts-grid-post-blog o-posts-grid-post-plain\"><div class=\"o-posts-grid-post\"><div class=\"o-posts-grid-post-image\"><a href=\"https:\/\/miedzykulturowo.pl\/en\/2024\/11\/11\/projekt-2\/\"><img loading=\"lazy\" decoding=\"async\" width=\"750\" height=\"491\" src=\"https:\/\/miedzykulturowo.pl\/wp-content\/uploads\/2024\/11\/bez-nazwy-764x500-cc.jpg\" class=\"attachment-large size-large\" alt=\"Kreatywne poranki w Pszczy\u0144skim Parku\" srcset=\"https:\/\/miedzykulturowo.pl\/wp-content\/uploads\/2024\/11\/bez-nazwy-764x500-cc.jpg 764w, https:\/\/miedzykulturowo.pl\/wp-content\/uploads\/2024\/11\/bez-nazwy-764x500-cc-300x196.jpg 300w, https:\/\/miedzykulturowo.pl\/wp-content\/uploads\/2024\/11\/bez-nazwy-764x500-cc-18x12.jpg 18w\" sizes=\"(max-width: 750px) 100vw, 750px\" \/><\/a><\/div><div class=\"o-posts-grid-post-body\"><h2 class=\"o-posts-grid-post-title\"><a href=\"https:\/\/miedzykulturowo.pl\/en\/2024\/11\/11\/projekt-2\/\">Kreatywne poranki w Pszczy\u0144skim Parku<\/a><\/h2><div class=\"o-posts-grid-post-description\"><p>Celem projektu &#8222;Kreatywne poranki w Pszczy\u0144skim Parku&#8221; by\u0142 rozw\u00f3j dialogu mi\u0119dzykulturow\u2026<\/p><\/div><\/div><\/div><\/div><div class=\"o-posts-grid-post-blog o-posts-grid-post-plain\"><div class=\"o-posts-grid-post\"><div class=\"o-posts-grid-post-image\"><a href=\"https:\/\/miedzykulturowo.pl\/en\/2024\/11\/11\/offline-hobbies\/\"><img loading=\"lazy\" decoding=\"async\" width=\"750\" height=\"563\" src=\"https:\/\/miedzykulturowo.pl\/wp-content\/uploads\/2024\/11\/451063683_401859486246588_2156631405541568900_n-1024x768.jpg\" class=\"attachment-large size-large\" alt=\"Offline hobbies\" srcset=\"https:\/\/miedzykulturowo.pl\/wp-content\/uploads\/2024\/11\/451063683_401859486246588_2156631405541568900_n-1024x768.jpg 1024w, https:\/\/miedzykulturowo.pl\/wp-content\/uploads\/2024\/11\/451063683_401859486246588_2156631405541568900_n-300x225.jpg 300w, https:\/\/miedzykulturowo.pl\/wp-content\/uploads\/2024\/11\/451063683_401859486246588_2156631405541568900_n-768x576.jpg 768w, https:\/\/miedzykulturowo.pl\/wp-content\/uploads\/2024\/11\/451063683_401859486246588_2156631405541568900_n-16x12.jpg 16w, https:\/\/miedzykulturowo.pl\/wp-content\/uploads\/2024\/11\/451063683_401859486246588_2156631405541568900_n.jpg 1280w\" sizes=\"(max-width: 750px) 100vw, 750px\" \/><\/a><\/div><div class=\"o-posts-grid-post-body\"><h2 class=\"o-posts-grid-post-title\"><a href=\"https:\/\/miedzykulturowo.pl\/en\/2024\/11\/11\/offline-hobbies\/\">Offline hobbies<\/a><\/h2><div class=\"o-posts-grid-post-description\"><p>Celem warsztat\u00f3w by\u0142a profilaktyka uzale\u017cnie\u0144 od gad\u017cet\u00f3w elektronicznych oraz zaprezentowanie m\u0142odz\u2026<\/p><\/div><\/div><\/div><\/div><\/div> <div class=\"o-posts-grid-pag\"><\/div><\/div>\n\n\n<div style=\"height:50px\" aria-hidden=\"true\" class=\"wp-block-spacer\"><\/div>","protected":false},"excerpt":{"rendered":"","protected":false},"author":1,"featured_media":0,"parent":0,"menu_order":0,"comment_status":"closed","ping_status":"closed","template":"","meta":{"_themeisle_gutenberg_block_has_review":false,"footnotes":""},"class_list":["post-84","page","type-page","status-publish","hentry"],"_links":{"self":[{"href":"https:\/\/miedzykulturowo.pl\/en\/wp-json\/wp\/v2\/pages\/84","targetHints":{"allow":["GET"]}}],"collection":[{"href":"https:\/\/miedzykulturowo.pl\/en\/wp-json\/wp\/v2\/pages"}],"about":[{"href":"https:\/\/miedzykulturowo.pl\/en\/wp-json\/wp\/v2\/types\/page"}],"author":[{"embeddable":true,"href":"https:\/\/miedzykulturowo.pl\/en\/wp-json\/wp\/v2\/users\/1"}],"replies":[{"embeddable":true,"href":"https:\/\/miedzykulturowo.pl\/en\/wp-json\/wp\/v2\/comments?post=84"}],"version-history":[{"count":14,"href":"https:\/\/miedzykulturowo.pl\/en\/wp-json\/wp\/v2\/pages\/84\/revisions"}],"predecessor-version":[{"id":488,"href":"https:\/\/miedzykulturowo.pl\/en\/wp-json\/wp\/v2\/pages\/84\/revisions\/488"}],"wp:attachment":[{"href":"https:\/\/miedzykulturowo.pl\/en\/wp-json\/wp\/v2\/media?parent=84"}],"curies":[{"name":"wp","href":"https:\/\/api.w.org\/{rel}","templated":true}]}}