{"id":116,"date":"2024-11-11T22:15:10","date_gmt":"2024-11-11T22:15:10","guid":{"rendered":"https:\/\/miedzykulturowo.pl\/?page_id=116"},"modified":"2024-12-17T09:48:55","modified_gmt":"2024-12-17T09:48:55","slug":"zespol","status":"publish","type":"page","link":"https:\/\/miedzykulturowo.pl\/en\/zespol\/","title":{"rendered":"Zesp\u00f3\u0142"},"content":{"rendered":"<p>Natalia Rudakiewicz &#8211; Prezes Zarz\u0105du<\/p>\n\n\n\n<div class=\"wp-block-columns is-layout-flex wp-container-core-columns-is-layout-1 wp-block-columns-is-layout-flex\">\n<div class=\"wp-block-column is-layout-flow wp-block-column-is-layout-flow\"><\/div>\n\n\n\n<div class=\"wp-block-column is-layout-flow wp-block-column-is-layout-flow\"><\/div>\n<\/div>\n\n\n\n<div class=\"wp-block-columns is-layout-flex wp-container-core-columns-is-layout-2 wp-block-columns-is-layout-flex\">\n<div class=\"wp-block-column is-layout-flow wp-block-column-is-layout-flow\"><div class=\"wp-block-image\">\n<figure class=\"aligncenter size-full is-resized\"><img loading=\"lazy\" decoding=\"async\" width=\"540\" height=\"539\" src=\"https:\/\/miedzykulturowo.pl\/wp-content\/uploads\/2024\/12\/305968629_106049358938439_7312594359010750385_n-3.jpg\" alt=\"\" class=\"wp-image-503\" style=\"width:354px;height:auto\" srcset=\"https:\/\/miedzykulturowo.pl\/wp-content\/uploads\/2024\/12\/305968629_106049358938439_7312594359010750385_n-3.jpg 540w, https:\/\/miedzykulturowo.pl\/wp-content\/uploads\/2024\/12\/305968629_106049358938439_7312594359010750385_n-3-300x300.jpg 300w, https:\/\/miedzykulturowo.pl\/wp-content\/uploads\/2024\/12\/305968629_106049358938439_7312594359010750385_n-3-150x150.jpg 150w, https:\/\/miedzykulturowo.pl\/wp-content\/uploads\/2024\/12\/305968629_106049358938439_7312594359010750385_n-3-12x12.jpg 12w\" sizes=\"auto, (max-width: 540px) 100vw, 540px\" \/><\/figure><\/div><\/div>\n\n\n\n<div class=\"wp-block-column is-layout-flow wp-block-column-is-layout-flow\">\n<p>Jestem nauczycielem j\u0119zyka angielskiego w Szkole Podstawowej nr 2 im. J. \u015al\u0105skiej w Pszcyznie. Uko\u0144czy\u0142am studia politologiczne na Wydziale Nauk Spo\u0142ecznych Uniwersytetu \u015al\u0105skiego w Katowicach. Posiadam uprawnienia na mediatora szkolnego. Moj\u0105 pasj\u0105 jest praca z dzie\u0107mi i m\u0142odzie\u017c\u0105 w rozwoju ich kompetencji i zainteresowa\u0144. Dlatego postanowi\u0142am otworzy\u0107 fundacj\u0119 i stworzy\u0107 klub m\u0142odzie\u017cowy, kt\u00f3ry b\u0119dzie odpowiada\u0142 na potrzeby m\u0142odzie\u017cy.<\/p>\n\n\n\n<p>Hobbistycznie gram na gitarze i pianinie, komponuj\u0119 piosenki w j\u0119zyku polskim, angielskim i ukrai\u0144skim oraz maluj\u0119 obrazy. Dziel\u0105c si\u0119 swoimi pasjami chcia\u0142abym zach\u0119ci\u0107 dzieci i m\u0142odzie\u017c do rozwoju swoich pasji i budowa\u0107 wysokie poczucie ich warto\u015bci.<\/p>\n<\/div>\n<\/div>\n\n\n\n<p><\/p>","protected":false},"excerpt":{"rendered":"<p>Natalia Rudakiewicz &#8211; Prezes Zarz\u0105du Jestem nauczycielem j\u0119zyka angielskiego w Szkole Podstawowej nr 2 im. J. \u015al\u0105skiej w Pszcyznie. Uko\u0144czy\u0142am studia politologiczne na Wydziale Nauk Spo\u0142ecznych Uniwersytetu \u015al\u0105skiego w Katowicach. Posiadam uprawnienia na mediatora szkolnego. Moj\u0105 pasj\u0105 jest praca z dzie\u0107mi i m\u0142odzie\u017c\u0105 w rozwoju ich kompetencji i zainteresowa\u0144. Dlatego [&hellip;]<\/p>","protected":false},"author":1,"featured_media":0,"parent":0,"menu_order":0,"comment_status":"closed","ping_status":"closed","template":"","meta":{"_themeisle_gutenberg_block_has_review":false,"footnotes":""},"class_list":["post-116","page","type-page","status-publish","hentry"],"_links":{"self":[{"href":"https:\/\/miedzykulturowo.pl\/en\/wp-json\/wp\/v2\/pages\/116","targetHints":{"allow":["GET"]}}],"collection":[{"href":"https:\/\/miedzykulturowo.pl\/en\/wp-json\/wp\/v2\/pages"}],"about":[{"href":"https:\/\/miedzykulturowo.pl\/en\/wp-json\/wp\/v2\/types\/page"}],"author":[{"embeddable":true,"href":"https:\/\/miedzykulturowo.pl\/en\/wp-json\/wp\/v2\/users\/1"}],"replies":[{"embeddable":true,"href":"https:\/\/miedzykulturowo.pl\/en\/wp-json\/wp\/v2\/comments?post=116"}],"version-history":[{"count":10,"href":"https:\/\/miedzykulturowo.pl\/en\/wp-json\/wp\/v2\/pages\/116\/revisions"}],"predecessor-version":[{"id":506,"href":"https:\/\/miedzykulturowo.pl\/en\/wp-json\/wp\/v2\/pages\/116\/revisions\/506"}],"wp:attachment":[{"href":"https:\/\/miedzykulturowo.pl\/en\/wp-json\/wp\/v2\/media?parent=116"}],"curies":[{"name":"wp","href":"https:\/\/api.w.org\/{rel}","templated":true}]}}